{"id":13,"date":"2025-10-28T12:16:46","date_gmt":"2025-10-28T11:16:46","guid":{"rendered":"https:\/\/hugoiaw.com\/BaseHugo\/wordpress\/?page_id=13"},"modified":"2025-10-29T10:44:59","modified_gmt":"2025-10-29T09:44:59","slug":"quienes-somos","status":"publish","type":"page","link":"https:\/\/hugoiaw.com\/BaseHugo\/wordpress\/quienes-somos\/","title":{"rendered":"Quienes somos"},"content":{"rendered":"\n<p>\u00bfQui\u00e9nes somos?<\/p>\n\n\n\n<p><strong>Descripci\u00f3n de la empresa:<\/strong> Somos un equipo de profesionales en inform\u00e1tica con amplia experiencia en la administraci\u00f3n de sistemas, redes y ciberseguridad. Nuestra misi\u00f3n es ofrecer un servicio cercano, eficiente y de calidad, adaptado a las necesidades de cada cliente. Apostamos por la innovaci\u00f3n y la mejora continua, garantizando soluciones fiables y seguras.<\/p>\n\n\n\n<p><strong>Servicios ofrecidos:<\/strong><\/p>\n\n\n\n<ul class=\"wp-block-list\">\n<li><strong>Instalaci\u00f3n de redes:<\/strong> dise\u00f1o, configuraci\u00f3n y mantenimiento de redes locales y corporativas.<\/li>\n\n\n\n<li><strong>Mantenimiento de ordenadores:<\/strong> soporte t\u00e9cnico preventivo y correctivo para equipos de sobremesa y port\u00e1tiles.<\/li>\n\n\n\n<li><strong>Instalaci\u00f3n de servidores:<\/strong> despliegue y administraci\u00f3n de servidores f\u00edsicos y virtuales.<\/li>\n\n\n\n<li><strong>Creaci\u00f3n de p\u00e1ginas web:<\/strong> desarrollo de sitios web profesionales, optimizados y seguros<\/li>\n<\/ul>\n\n\n\n<p><strong>Trabajadores<\/strong>:<\/p>\n\n\n\n<p><strong>Administrador<\/strong>: Hugo Castro<br><strong>Jefe de ventas <\/strong>: Enrique <br><strong>Escritores<\/strong>: Alicia , Roberto, Juan y Susana<br><\/p>\n\n\n\n<p><\/p>\n","protected":false},"excerpt":{"rendered":"<p>\u00bfQui\u00e9nes somos? Descripci\u00f3n de la empresa: Somos un equipo de profesionales en inform\u00e1tica con amplia experiencia en la administraci\u00f3n de sistemas, redes y ciberseguridad. Nuestra misi\u00f3n es ofrecer un servicio cercano, eficiente y de calidad, adaptado a las necesidades de cada cliente. Apostamos por la innovaci\u00f3n y la mejora continua, garantizando soluciones fiables y seguras. [&hellip;]<\/p>\n","protected":false},"author":3,"featured_media":0,"parent":0,"menu_order":0,"comment_status":"closed","ping_status":"closed","template":"","meta":{"footnotes":""},"class_list":["post-13","page","type-page","status-publish","hentry"],"_links":{"self":[{"href":"https:\/\/hugoiaw.com\/BaseHugo\/wordpress\/wp-json\/wp\/v2\/pages\/13","targetHints":{"allow":["GET"]}}],"collection":[{"href":"https:\/\/hugoiaw.com\/BaseHugo\/wordpress\/wp-json\/wp\/v2\/pages"}],"about":[{"href":"https:\/\/hugoiaw.com\/BaseHugo\/wordpress\/wp-json\/wp\/v2\/types\/page"}],"author":[{"embeddable":true,"href":"https:\/\/hugoiaw.com\/BaseHugo\/wordpress\/wp-json\/wp\/v2\/users\/3"}],"replies":[{"embeddable":true,"href":"https:\/\/hugoiaw.com\/BaseHugo\/wordpress\/wp-json\/wp\/v2\/comments?post=13"}],"version-history":[{"count":3,"href":"https:\/\/hugoiaw.com\/BaseHugo\/wordpress\/wp-json\/wp\/v2\/pages\/13\/revisions"}],"predecessor-version":[{"id":70,"href":"https:\/\/hugoiaw.com\/BaseHugo\/wordpress\/wp-json\/wp\/v2\/pages\/13\/revisions\/70"}],"wp:attachment":[{"href":"https:\/\/hugoiaw.com\/BaseHugo\/wordpress\/wp-json\/wp\/v2\/media?parent=13"}],"curies":[{"name":"wp","href":"https:\/\/api.w.org\/{rel}","templated":true}]}}