{"id":17,"date":"2025-10-28T12:36:44","date_gmt":"2025-10-28T11:36:44","guid":{"rendered":"https:\/\/hugoiaw.com\/BaseHugo\/wordpress\/?page_id=17"},"modified":"2025-10-29T10:35:01","modified_gmt":"2025-10-29T09:35:01","slug":"noticias","status":"publish","type":"page","link":"https:\/\/hugoiaw.com\/BaseHugo\/wordpress\/noticias\/","title":{"rendered":"Noticias"},"content":{"rendered":"\n<p><strong>\u00daltimas noticias de la empresa<\/strong><\/p>\n\n\n\n<p>En esta secci\u00f3n compartimos novedades, proyectos recientes y art\u00edculos de inter\u00e9s relacionados con nuestros servicios inform\u00e1ticos. Cada noticia incluye un documento PDF descargable con informaci\u00f3n ampliada.<\/p>\n\n\n\n<h2 class=\"wp-block-heading\"><a href=\"https:\/\/hugoiaw.com\/BaseHugo\/wordpress\/noticia-1-instalacion-de-wordpress-en-ionos\/\" data-type=\"page\" data-id=\"49\">Noticia 1: Instalaci\u00f3n de WordPress en IONOS<\/a><\/h2>\n\n\n\n<h2 class=\"wp-block-heading\"><a href=\"https:\/\/hugoiaw.com\/BaseHugo\/wordpress\/noticia2ampliamos-nuestra-experiencia-en-redes-corporativas\/\" data-type=\"page\" data-id=\"53\">Noticia 2: Nuevos proyectos de instalaci\u00f3n de redes<\/a><\/h2>\n\n\n\n<h2 class=\"wp-block-heading\"><a href=\"https:\/\/hugoiaw.com\/BaseHugo\/wordpress\/noticia-3-servicio-de-mantenimiento-remoto\/\" data-type=\"link\" data-id=\"https:\/\/hugoiaw.com\/BaseHugo\/wordpress\/noticia-3-servicio-de-mantenimiento-remoto\/\">Noticia 3: Servicio de mantenimiento remoto<\/a><\/h2>\n\n\n\n<p><\/p>\n","protected":false},"excerpt":{"rendered":"<p>\u00daltimas noticias de la empresa En esta secci\u00f3n compartimos novedades, proyectos recientes y art\u00edculos de inter\u00e9s relacionados con nuestros servicios inform\u00e1ticos. Cada noticia incluye un documento PDF descargable con informaci\u00f3n ampliada. Noticia 1: Instalaci\u00f3n de WordPress en IONOS Noticia 2: Nuevos proyectos de instalaci\u00f3n de redes Noticia 3: Servicio de mantenimiento remoto<\/p>\n","protected":false},"author":3,"featured_media":0,"parent":0,"menu_order":0,"comment_status":"closed","ping_status":"closed","template":"","meta":{"footnotes":""},"class_list":["post-17","page","type-page","status-publish","hentry"],"_links":{"self":[{"href":"https:\/\/hugoiaw.com\/BaseHugo\/wordpress\/wp-json\/wp\/v2\/pages\/17","targetHints":{"allow":["GET"]}}],"collection":[{"href":"https:\/\/hugoiaw.com\/BaseHugo\/wordpress\/wp-json\/wp\/v2\/pages"}],"about":[{"href":"https:\/\/hugoiaw.com\/BaseHugo\/wordpress\/wp-json\/wp\/v2\/types\/page"}],"author":[{"embeddable":true,"href":"https:\/\/hugoiaw.com\/BaseHugo\/wordpress\/wp-json\/wp\/v2\/users\/3"}],"replies":[{"embeddable":true,"href":"https:\/\/hugoiaw.com\/BaseHugo\/wordpress\/wp-json\/wp\/v2\/comments?post=17"}],"version-history":[{"count":10,"href":"https:\/\/hugoiaw.com\/BaseHugo\/wordpress\/wp-json\/wp\/v2\/pages\/17\/revisions"}],"predecessor-version":[{"id":60,"href":"https:\/\/hugoiaw.com\/BaseHugo\/wordpress\/wp-json\/wp\/v2\/pages\/17\/revisions\/60"}],"wp:attachment":[{"href":"https:\/\/hugoiaw.com\/BaseHugo\/wordpress\/wp-json\/wp\/v2\/media?parent=17"}],"curies":[{"name":"wp","href":"https:\/\/api.w.org\/{rel}","templated":true}]}}