{"id":9,"date":"2025-10-28T12:13:48","date_gmt":"2025-10-28T11:13:48","guid":{"rendered":"https:\/\/hugoiaw.com\/BaseHugo\/wordpress\/?page_id=9"},"modified":"2025-10-29T10:39:27","modified_gmt":"2025-10-29T09:39:27","slug":"pagina-de-inicio","status":"publish","type":"page","link":"https:\/\/hugoiaw.com\/BaseHugo\/wordpress\/","title":{"rendered":"P\u00e1gina de inicio"},"content":{"rendered":"\n<p><strong>Bienvenidos a  Castro Tech<\/strong><\/p>\n\n\n\n<p>Somos una empresa de servicios inform\u00e1ticos especializada en ofrecer soluciones tecnol\u00f3gicas adaptadas a las necesidades de nuestros clientes. Nuestro objetivo es garantizar la seguridad, el rendimiento y la innovaci\u00f3n en cada proyecto, ayudando a empresas y particulares a optimizar sus sistemas y crecer en el entorno digital.<\/p>\n\n\n<figure class=\"wp-block-post-featured-image\"><img loading=\"lazy\" decoding=\"async\" width=\"725\" height=\"342\" src=\"https:\/\/hugoiaw.com\/BaseHugo\/wordpress\/wp-content\/uploads\/2025\/10\/espacio-de-trabajo.jpg\" class=\"attachment-post-thumbnail size-post-thumbnail wp-post-image\" alt=\"\" style=\"object-fit:cover;\" srcset=\"https:\/\/hugoiaw.com\/BaseHugo\/wordpress\/wp-content\/uploads\/2025\/10\/espacio-de-trabajo.jpg 725w, https:\/\/hugoiaw.com\/BaseHugo\/wordpress\/wp-content\/uploads\/2025\/10\/espacio-de-trabajo-300x142.jpg 300w\" sizes=\"auto, (max-width: 725px) 100vw, 725px\" \/><\/figure>\n\n\n<figure class=\"wp-block-image size-full\"><img loading=\"lazy\" decoding=\"async\" width=\"315\" height=\"260\" src=\"https:\/\/hugoiaw.com\/BaseHugo\/wordpress\/wp-content\/uploads\/2025\/10\/imagen.png\" alt=\"\" class=\"wp-image-64\" srcset=\"https:\/\/hugoiaw.com\/BaseHugo\/wordpress\/wp-content\/uploads\/2025\/10\/imagen.png 315w, https:\/\/hugoiaw.com\/BaseHugo\/wordpress\/wp-content\/uploads\/2025\/10\/imagen-300x248.png 300w\" sizes=\"auto, (max-width: 315px) 100vw, 315px\" \/><\/figure>\n\n\n\n<p><strong><a href=\"https:\/\/hugoiaw.com\/BaseHugo\/wordpress\/quienes-somos\/\" data-type=\"page\" data-id=\"13\">\u00bfQui\u00e9n somos?<\/a><\/strong><\/p>\n\n\n\n<p>Somos un equipo de profesionales en inform\u00e1tica con amplia experiencia en la administraci\u00f3n de sistemas, redes y ciberseguridad.<\/p>\n\n\n\n<figure class=\"wp-block-image size-full is-resized\"><img loading=\"lazy\" decoding=\"async\" width=\"800\" height=\"569\" src=\"https:\/\/hugoiaw.com\/BaseHugo\/wordpress\/wp-content\/uploads\/2025\/10\/imagen-1.png\" alt=\"\" class=\"wp-image-65\" style=\"width:411px;height:auto\" srcset=\"https:\/\/hugoiaw.com\/BaseHugo\/wordpress\/wp-content\/uploads\/2025\/10\/imagen-1.png 800w, https:\/\/hugoiaw.com\/BaseHugo\/wordpress\/wp-content\/uploads\/2025\/10\/imagen-1-300x213.png 300w, https:\/\/hugoiaw.com\/BaseHugo\/wordpress\/wp-content\/uploads\/2025\/10\/imagen-1-768x546.png 768w\" sizes=\"auto, (max-width: 800px) 100vw, 800px\" \/><\/figure>\n\n\n\n<p><strong><a href=\"https:\/\/hugoiaw.com\/BaseHugo\/wordpress\/contacto\/\" data-type=\"page\" data-id=\"15\">Contacto<\/a><\/strong><\/p>\n\n\n\n<p>Ponte en contacto con nosotros<\/p>\n\n\n\n<figure class=\"wp-block-image size-large is-resized\"><img loading=\"lazy\" decoding=\"async\" width=\"1024\" height=\"682\" src=\"https:\/\/hugoiaw.com\/BaseHugo\/wordpress\/wp-content\/uploads\/2025\/10\/imagen-2-1024x682.png\" alt=\"\" class=\"wp-image-66\" style=\"width:402px;height:auto\" srcset=\"https:\/\/hugoiaw.com\/BaseHugo\/wordpress\/wp-content\/uploads\/2025\/10\/imagen-2-1024x682.png 1024w, https:\/\/hugoiaw.com\/BaseHugo\/wordpress\/wp-content\/uploads\/2025\/10\/imagen-2-300x200.png 300w, https:\/\/hugoiaw.com\/BaseHugo\/wordpress\/wp-content\/uploads\/2025\/10\/imagen-2-768x512.png 768w, https:\/\/hugoiaw.com\/BaseHugo\/wordpress\/wp-content\/uploads\/2025\/10\/imagen-2.png 1280w\" sizes=\"auto, (max-width: 1024px) 100vw, 1024px\" \/><\/figure>\n\n\n\n<p><strong><a href=\"https:\/\/hugoiaw.com\/BaseHugo\/wordpress\/noticias\/\" data-type=\"page\" data-id=\"17\">Noticias<\/a><\/strong><\/p>\n\n\n\n<p>En esta secci\u00f3n compartimos novedades, proyectos recientes y art\u00edculos de inter\u00e9s relacionados con nuestros servicios inform\u00e1ticos.<\/p>\n","protected":false},"excerpt":{"rendered":"<p>Bienvenidos a Castro Tech Somos una empresa de servicios inform\u00e1ticos especializada en ofrecer soluciones tecnol\u00f3gicas adaptadas a las necesidades de nuestros clientes. Nuestro objetivo es garantizar la seguridad, el rendimiento y la innovaci\u00f3n en cada proyecto, ayudando a empresas y particulares a optimizar sus sistemas y crecer en el entorno digital. \u00bfQui\u00e9n somos? Somos un [&hellip;]<\/p>\n","protected":false},"author":3,"featured_media":11,"parent":0,"menu_order":0,"comment_status":"closed","ping_status":"closed","template":"","meta":{"footnotes":""},"class_list":["post-9","page","type-page","status-publish","has-post-thumbnail","hentry"],"_links":{"self":[{"href":"https:\/\/hugoiaw.com\/BaseHugo\/wordpress\/wp-json\/wp\/v2\/pages\/9","targetHints":{"allow":["GET"]}}],"collection":[{"href":"https:\/\/hugoiaw.com\/BaseHugo\/wordpress\/wp-json\/wp\/v2\/pages"}],"about":[{"href":"https:\/\/hugoiaw.com\/BaseHugo\/wordpress\/wp-json\/wp\/v2\/types\/page"}],"author":[{"embeddable":true,"href":"https:\/\/hugoiaw.com\/BaseHugo\/wordpress\/wp-json\/wp\/v2\/users\/3"}],"replies":[{"embeddable":true,"href":"https:\/\/hugoiaw.com\/BaseHugo\/wordpress\/wp-json\/wp\/v2\/comments?post=9"}],"version-history":[{"count":4,"href":"https:\/\/hugoiaw.com\/BaseHugo\/wordpress\/wp-json\/wp\/v2\/pages\/9\/revisions"}],"predecessor-version":[{"id":67,"href":"https:\/\/hugoiaw.com\/BaseHugo\/wordpress\/wp-json\/wp\/v2\/pages\/9\/revisions\/67"}],"wp:featuredmedia":[{"embeddable":true,"href":"https:\/\/hugoiaw.com\/BaseHugo\/wordpress\/wp-json\/wp\/v2\/media\/11"}],"wp:attachment":[{"href":"https:\/\/hugoiaw.com\/BaseHugo\/wordpress\/wp-json\/wp\/v2\/media?parent=9"}],"curies":[{"name":"wp","href":"https:\/\/api.w.org\/{rel}","templated":true}]}}